{"id":4437,"date":"2025-09-01T22:13:04","date_gmt":"2025-09-01T20:13:04","guid":{"rendered":"https:\/\/natalia-kaczynska.profesjonalnyprogramista.pl\/?page_id=4437"},"modified":"2026-04-09T18:44:13","modified_gmt":"2026-04-09T16:44:13","slug":"aplikacja-budzetowa-w-c","status":"publish","type":"page","link":"https:\/\/natalia-kaczynska.profesjonalnyprogramista.pl\/en\/aplikacja-budzetowa-w-c\/","title":{"rendered":"Budget Application (C++)"},"content":{"rendered":"<div data-elementor-type=\"wp-page\" data-elementor-id=\"4437\" class=\"elementor elementor-4437\">\n\t\t\t\t<div class=\"elementor-element elementor-element-597684da e-con-full e-flex e-con e-parent\" data-id=\"597684da\" data-element_type=\"container\">\n\t\t<div class=\"elementor-element elementor-element-15d95d07 e-flex e-con-boxed e-con e-child\" data-id=\"15d95d07\" data-element_type=\"container\" data-settings=\"{&quot;background_background&quot;:&quot;classic&quot;}\">\n\t\t\t\t\t<div class=\"e-con-inner\">\n\t\t\t\t<div class=\"elementor-element elementor-element-63b3c3fa elementor-icon-list--layout-inline elementor-mobile-align-center elementor-align-left elementor-list-item-link-full_width elementor-widget elementor-widget-icon-list\" data-id=\"63b3c3fa\" data-element_type=\"widget\" data-widget_type=\"icon-list.default\">\n\t\t\t\t<div class=\"elementor-widget-container\">\n\t\t\t\t\t\t\t<ul class=\"elementor-icon-list-items elementor-inline-items\">\n\t\t\t\t\t\t\t<li class=\"elementor-icon-list-item elementor-inline-item\">\n\t\t\t\t\t\t\t\t\t\t\t<span class=\"elementor-icon-list-icon\">\n\t\t\t\t\t\t\t<i aria-hidden=\"true\" class=\"icon icon-envelope1\"><\/i>\t\t\t\t\t\t<\/span>\n\t\t\t\t\t\t\t\t\t\t<span class=\"elementor-icon-list-text\">natalia.kaczynska.programista@gmail.com<\/span>\n\t\t\t\t\t\t\t\t\t<\/li>\n\t\t\t\t\t\t<\/ul>\n\t\t\t\t\t\t<\/div>\n\t\t\t\t<\/div>\n\t\t\t\t<div class=\"elementor-element elementor-element-c35360e elementor-widget elementor-widget-shortcode\" data-id=\"c35360e\" data-element_type=\"widget\" data-widget_type=\"shortcode.default\">\n\t\t\t\t<div class=\"elementor-widget-container\">\n\t\t\t\t\t\t\t<div class=\"elementor-shortcode\"><div id=\"mega-menu-wrap-secondary_menu\" class=\"mega-menu-wrap\"><div class=\"mega-menu-toggle\"><div class=\"mega-toggle-blocks-left\"><\/div><div class=\"mega-toggle-blocks-center\"><\/div><div class=\"mega-toggle-blocks-right\"><div class='mega-toggle-block mega-menu-toggle-animated-block mega-toggle-block-0' id='mega-toggle-block-0'><button aria-label=\"Show\/hide menu\" class=\"mega-toggle-animated mega-toggle-animated-slider\" type=\"button\" aria-haspopup=\"true\" aria-expanded=\"false\" aria-controls=\"mega-menu-secondary_menu\">\n                  <span class=\"mega-toggle-animated-box\">\n                    <span class=\"mega-toggle-animated-inner\"><\/span>\n                  <\/span>\n                <\/button><\/div><\/div><\/div><ul id=\"mega-menu-secondary_menu\" class=\"mega-menu max-mega-menu mega-menu-horizontal mega-no-js\" data-event=\"hover\" data-effect=\"fade_up\" data-effect-speed=\"400\" data-effect-mobile=\"slide\" data-effect-speed-mobile=\"400\" data-mobile-force-width=\"false\" data-second-click=\"go\" data-document-click=\"collapse\" data-vertical-behaviour=\"standard\" data-breakpoint=\"768\" data-unbind=\"true\" data-mobile-state=\"collapse_all\" data-mobile-direction=\"vertical\" data-hover-intent-timeout=\"300\" data-hover-intent-interval=\"100\"><li class=\"mega-menu-item mega-menu-item-type-post_type mega-menu-item-object-page mega-align-bottom-left mega-menu-flyout mega-menu-item-4547\" id=\"mega-menu-item-4547\"><a class=\"mega-menu-link\" href=\"https:\/\/natalia-kaczynska.profesjonalnyprogramista.pl\/en\/porftolio-v2\/\">Portfolio<\/a><\/li><li class=\"mega-menu-item mega-menu-item-type-post_type mega-menu-item-object-page mega-menu-item-home mega-align-bottom-left mega-menu-flyout mega-menu-item-3974\" id=\"mega-menu-item-3974\"><a class=\"mega-menu-link\" href=\"https:\/\/natalia-kaczynska.profesjonalnyprogramista.pl\/en\/\">Homepage<\/a><\/li><li class=\"mega-menu-item mega-menu-item-type-post_type mega-menu-item-object-page mega-align-bottom-left mega-menu-flyout mega-menu-item-3975\" id=\"mega-menu-item-3975\"><a class=\"mega-menu-link\" href=\"https:\/\/natalia-kaczynska.profesjonalnyprogramista.pl\/en\/about\/\">About me<\/a><\/li><li class=\"mega-menu-item mega-menu-item-type-custom mega-menu-item-object-custom mega-menu-item-has-children mega-menu-megamenu mega-menu-grid mega-align-bottom-left mega-menu-grid mega-menu-item-4304\" id=\"mega-menu-item-4304\"><a class=\"mega-menu-link\" href=\"#\" aria-expanded=\"false\" aria-controls=\"mega-sub-menu-4304\">Articles<span class=\"mega-indicator\" aria-hidden=\"true\"><\/span><\/a>\n<ul class=\"mega-sub-menu\" role='presentation' id='mega-sub-menu-4304'>\n<li class=\"mega-menu-row\" id=\"mega-menu-4304-0\">\n\t<ul class=\"mega-sub-menu\" style='--columns:2' role='presentation'>\n<li class=\"mega-menu-column mega-menu-columns-3-of-2\" style=\"--columns:2; --span:3\" id=\"mega-menu-4304-0-0\">\n\t\t<ul class=\"mega-sub-menu\">\n<li class=\"mega-menu-item mega-menu-item-type-custom mega-menu-item-object-custom mega-menu-item-has-children mega-disable-link mega-menu-item-4306\" id=\"mega-menu-item-4306\"><a class=\"mega-menu-link\" tabindex=\"0\">Design patterns<span class=\"mega-indicator\" aria-hidden=\"true\"><\/span><\/a>\n\t\t\t<ul class=\"mega-sub-menu\" id='mega-sub-menu-4306'>\n<li class=\"mega-menu-item mega-menu-item-type-post_type mega-menu-item-object-page mega-menu-item-4314\" id=\"mega-menu-item-4314\"><a class=\"mega-menu-link\" href=\"https:\/\/natalia-kaczynska.profesjonalnyprogramista.pl\/en\/elementor-4099\/\">Strategy<\/a><\/li><li class=\"mega-menu-item mega-menu-item-type-post_type mega-menu-item-object-page mega-menu-item-4313\" id=\"mega-menu-item-4313\"><a class=\"mega-menu-link\" href=\"https:\/\/natalia-kaczynska.profesjonalnyprogramista.pl\/en\/budowniczy\/\">Builder<\/a><\/li><li class=\"mega-menu-item mega-menu-item-type-post_type mega-menu-item-object-page mega-menu-item-4312\" id=\"mega-menu-item-4312\"><a class=\"mega-menu-link\" href=\"https:\/\/natalia-kaczynska.profesjonalnyprogramista.pl\/en\/fabryka\/\">Factory<\/a><\/li>\t\t\t<\/ul>\n<\/li><li class=\"mega-menu-item mega-menu-item-type-custom mega-menu-item-object-custom mega-menu-item-has-children mega-disable-link mega-menu-item-4305\" id=\"mega-menu-item-4305\"><a class=\"mega-menu-link\" tabindex=\"0\">SOLID<span class=\"mega-indicator\" aria-hidden=\"true\"><\/span><\/a>\n\t\t\t<ul class=\"mega-sub-menu\" id='mega-sub-menu-4305'>\n<li class=\"mega-menu-item mega-menu-item-type-post_type mega-menu-item-object-page mega-menu-item-4311\" id=\"mega-menu-item-4311\"><a class=\"mega-menu-link\" href=\"https:\/\/natalia-kaczynska.profesjonalnyprogramista.pl\/en\/elementor-4232\/\">Single responsibility<\/a><\/li><li class=\"mega-menu-item mega-menu-item-type-post_type mega-menu-item-object-page mega-menu-item-4310\" id=\"mega-menu-item-4310\"><a class=\"mega-menu-link\" href=\"https:\/\/natalia-kaczynska.profesjonalnyprogramista.pl\/en\/elementor-4246\/\">Open-Closed Principle<\/a><\/li><li class=\"mega-menu-item mega-menu-item-type-post_type mega-menu-item-object-page mega-menu-item-4309\" id=\"mega-menu-item-4309\"><a class=\"mega-menu-link\" href=\"https:\/\/natalia-kaczynska.profesjonalnyprogramista.pl\/en\/liskov-substitution-principle\/\">Liskov Substitution Principle<\/a><\/li><li class=\"mega-menu-item mega-menu-item-type-post_type mega-menu-item-object-page mega-menu-item-4308\" id=\"mega-menu-item-4308\"><a class=\"mega-menu-link\" href=\"https:\/\/natalia-kaczynska.profesjonalnyprogramista.pl\/en\/elementor-4278\/\">Interface Segregation Principle<\/a><\/li><li class=\"mega-menu-item mega-menu-item-type-post_type mega-menu-item-object-page mega-menu-item-4307\" id=\"mega-menu-item-4307\"><a class=\"mega-menu-link\" href=\"https:\/\/natalia-kaczynska.profesjonalnyprogramista.pl\/en\/elementor-4292\/\">Dependency Inversion Principle<\/a><\/li>\t\t\t<\/ul>\n<\/li>\t\t<\/ul>\n<\/li>\t<\/ul>\n<\/li><\/ul>\n<\/li><li class=\"mega-menu-item mega-menu-item-type-post_type mega-menu-item-object-page mega-align-bottom-left mega-menu-flyout mega-menu-item-3976\" id=\"mega-menu-item-3976\"><a class=\"mega-menu-link\" href=\"https:\/\/natalia-kaczynska.profesjonalnyprogramista.pl\/en\/contact\/\">Contact<\/a><\/li><\/ul><\/div><\/div>\n\t\t\t\t\t\t<\/div>\n\t\t\t\t<\/div>\n\t\t\t\t\t<\/div>\n\t\t\t\t<\/div>\n\t\t\t\t<\/div>\n\t\t<div class=\"elementor-element elementor-element-064f49f e-flex e-con-boxed e-con e-parent\" data-id=\"064f49f\" data-element_type=\"container\">\n\t\t\t\t\t<div class=\"e-con-inner\">\n\t\t\t\t<div class=\"elementor-element elementor-element-d31c240 elementor-widget elementor-widget-heading\" data-id=\"d31c240\" data-element_type=\"widget\" data-widget_type=\"heading.default\">\n\t\t\t\t<div class=\"elementor-widget-container\">\n\t\t\t\t\t<h1 class=\"elementor-heading-title elementor-size-default\">C++ budgeting application<\/h1>\t\t\t\t<\/div>\n\t\t\t\t<\/div>\n\t\t\t\t\t<\/div>\n\t\t\t\t<\/div>\n\t\t<div class=\"elementor-element elementor-element-1776754 e-flex e-con-boxed e-con e-parent\" data-id=\"1776754\" data-element_type=\"container\">\n\t\t\t\t\t<div class=\"e-con-inner\">\n\t\t\t\t<div class=\"elementor-element elementor-element-3e3ad1a elementor-widget-divider--view-line elementor-widget elementor-widget-divider\" data-id=\"3e3ad1a\" data-element_type=\"widget\" data-widget_type=\"divider.default\">\n\t\t\t\t<div class=\"elementor-widget-container\">\n\t\t\t\t\t\t\t<div class=\"elementor-divider\">\n\t\t\t<span class=\"elementor-divider-separator\">\n\t\t\t\t\t\t<\/span>\n\t\t<\/div>\n\t\t\t\t\t\t<\/div>\n\t\t\t\t<\/div>\n\t\t\t\t<div class=\"elementor-element elementor-element-7972dcb elementor-widget elementor-widget-text-editor\" data-id=\"7972dcb\" data-element_type=\"widget\" data-widget_type=\"text-editor.default\">\n\t\t\t\t<div class=\"elementor-widget-container\">\n\t\t\t\t\t\t\t\t\t<p>Link to the project on GitHub:<\/p><p><a href=\"https:\/\/github.com\/NatKacz99\/BUDGET-APP\">https:\/\/github.com\/NatKacz99\/BUDGET-APP<\/a>.<\/p><p>Below I present photos that showcase the application's most important features.<\/p>\t\t\t\t\t\t\t\t<\/div>\n\t\t\t\t<\/div>\n\t\t\t\t\t<\/div>\n\t\t\t\t<\/div>\n\t\t<div class=\"elementor-element elementor-element-213bfe2 e-flex e-con-boxed e-con e-parent\" data-id=\"213bfe2\" data-element_type=\"container\" data-settings=\"{&quot;background_background&quot;:&quot;classic&quot;}\">\n\t\t\t\t\t<div class=\"e-con-inner\">\n\t\t\t\t<div class=\"elementor-element elementor-element-4717faf elementor-widget elementor-widget-shortcode\" data-id=\"4717faf\" data-element_type=\"widget\" data-widget_type=\"shortcode.default\">\n\t\t\t\t<div class=\"elementor-widget-container\">\n\t\t\t\t\t\t\t<div class=\"elementor-shortcode\"><div id=\"metaslider-id-4465\" style=\"width: 100%;\" class=\"ml-slider-3-100-1 metaslider metaslider-flex metaslider-4465 ml-slider ms-theme-clarity has-carousel-mode has-dots-nav\" role=\"region\" aria-label=\"Nuovo diaporama\" data-height=\"400\" data-width=\"400\">\n    <div id=\"metaslider_container_4465\">\n        <div id=\"metaslider_4465\">\n            <ul aria-live='off' class='slides'>\n                <li style=\"display: none; width: 100%;\" class=\"slide-4476 ms-image\" aria-roledescription=\"slide\" data-date=\"2025-09-02 15:56:26\"><img fetchpriority=\"high\" decoding=\"async\" src=\"https:\/\/natalia-kaczynska.profesjonalnyprogramista.pl\/wp-content\/uploads\/2025\/09\/strona-glowna.jpg\" height=\"400\" width=\"400\" alt=\"strona glowna\" class=\"slider-4465 slide-4476 msDefaultImage\" title=\"Homepage\" \/><div class=\"caption-wrap\"><div class=\"caption\"><p style=\"text-align:left;\">Starting view - main menu<\/p><\/div><\/div><\/li>\n                <li style=\"display: none; width: 100%;\" class=\"slide-4473 ms-image\" aria-roledescription=\"slide\" data-date=\"2025-09-02 15:48:58\"><img decoding=\"async\" src=\"https:\/\/natalia-kaczynska.profesjonalnyprogramista.pl\/wp-content\/uploads\/2025\/09\/rejestracja-uzytkownika-300x251-1.jpg\" height=\"400\" width=\"400\" alt=\"rejestracja uzytkownika 300x251 1\" class=\"slider-4465 slide-4473 msDefaultImage\" title=\"user registration 300x251 1\" \/><div class=\"caption-wrap\"><div class=\"caption\"><p style=\"text-align:left;\">New user registration.<\/p> <div style=\"text-align:left;\">All entered data must not contain Polish characters.<\/div><\/div><\/div><\/li>\n                <li style=\"display: none; width: 100%;\" class=\"slide-4471 ms-image\" aria-roledescription=\"slide\" data-date=\"2025-09-02 15:48:58\"><img decoding=\"async\" src=\"https:\/\/natalia-kaczynska.profesjonalnyprogramista.pl\/wp-content\/uploads\/2025\/09\/logowanie-300x153-1.jpg\" height=\"400\" width=\"400\" alt=\"logowanie 300x153 1\" class=\"slider-4465 slide-4471 msDefaultImage\" title=\"login 300x153 1\" \/><div class=\"caption-wrap\"><div class=\"caption\"><p style=\"text-align:left;\">Log in for registered user. The user has 3 attempts to enter the correct password. After 3 failed attempts, they will be redirected to the \"Home Menu\".<\/p><\/div><\/div><\/li>\n                <li style=\"display: none; width: 100%;\" class=\"slide-4472 ms-image\" aria-roledescription=\"slide\" data-date=\"2025-09-02 15:48:58\"><img loading=\"lazy\" decoding=\"async\" src=\"https:\/\/natalia-kaczynska.profesjonalnyprogramista.pl\/wp-content\/uploads\/2025\/09\/menu-glowne-1.jpg\" height=\"400\" width=\"400\" alt=\"menu glowne 1\" class=\"slider-4465 slide-4472 msDefaultImage\" title=\"main menu 1\" \/><div class=\"caption-wrap\"><div class=\"caption\"><p style=\"text-align:left;\">After logging in, \"Main Menu\" appears.<\/p><\/div><\/div><\/li>\n                <li style=\"display: none; width: 100%;\" class=\"slide-4466 ms-image\" aria-roledescription=\"slide\" data-date=\"2025-09-02 15:48:58\"><img loading=\"lazy\" decoding=\"async\" src=\"https:\/\/natalia-kaczynska.profesjonalnyprogramista.pl\/wp-content\/uploads\/2025\/09\/bilans-biezacy-miesiac.jpg\" height=\"400\" width=\"400\" alt=\"bilans biezacy miesiac\" class=\"slider-4465 slide-4466 msDefaultImage\" title=\"current balance this month\" \/><div class=\"caption-wrap\"><div class=\"caption\"><p style=\"text-align:left;\">Add revenue.<\/p><\/div><\/div><\/li>\n                <li style=\"display: none; width: 100%;\" class=\"slide-4467 ms-image\" aria-roledescription=\"slide\" data-date=\"2025-09-02 15:48:58\"><img loading=\"lazy\" decoding=\"async\" src=\"https:\/\/natalia-kaczynska.profesjonalnyprogramista.pl\/wp-content\/uploads\/2025\/09\/bilans-poprzedni-miesiac-259x300-1.jpg\" height=\"400\" width=\"400\" alt=\"bilans poprzedni miesiac 259x300 1\" class=\"slider-4465 slide-4467 msDefaultImage\" title=\"Previous month&#039;s balance 259x300 1\" \/><div class=\"caption-wrap\"><div class=\"caption\"><p style=\"text-align:left;\">Adding an expense.<\/p><\/div><\/div><\/li>\n                <li style=\"display: none; width: 100%;\" class=\"slide-4468 ms-image\" aria-roledescription=\"slide\" data-date=\"2025-09-02 15:48:58\"><img loading=\"lazy\" decoding=\"async\" src=\"https:\/\/natalia-kaczynska.profesjonalnyprogramista.pl\/wp-content\/uploads\/2025\/09\/dodawanie-nowego-przychodu.jpg\" height=\"400\" width=\"400\" alt=\"dodawanie nowego przychodu\" class=\"slider-4465 slide-4468 msDefaultImage\" title=\"Adding new revenue\" \/><div class=\"caption-wrap\"><div class=\"caption\"><p style=\"text-align:left;\">Displaying the current month's balance.<\/p><\/div><\/div><\/li>\n                <li style=\"display: none; width: 100%;\" class=\"slide-4469 ms-image\" aria-roledescription=\"slide\" data-date=\"2025-09-02 15:48:58\"><img loading=\"lazy\" decoding=\"async\" src=\"https:\/\/natalia-kaczynska.profesjonalnyprogramista.pl\/wp-content\/uploads\/2025\/09\/dodawanie-nowego-wydatku.jpg\" height=\"400\" width=\"400\" alt=\"dodawanie nowego wydatku\" class=\"slider-4465 slide-4469 msDefaultImage\" title=\"adding a new expense\" \/><div class=\"caption-wrap\"><div class=\"caption\"><div style=\"text-align:left;\">Displaying the previous month's balance.<\/div> <div>Please note here that fractional amounts are written using a full stop (.). Even if the user enters an amount with a comma, it is changed to a full stop.<\/div><\/div><\/div><\/li>\n                <li style=\"display: none; width: 100%;\" class=\"slide-4470 ms-image\" aria-roledescription=\"slide\" data-date=\"2025-09-02 15:48:58\"><img loading=\"lazy\" decoding=\"async\" src=\"https:\/\/natalia-kaczynska.profesjonalnyprogramista.pl\/wp-content\/uploads\/2025\/09\/dowolny-okres-bilans.jpg\" height=\"400\" width=\"400\" alt=\"dowolny okres bilans\" class=\"slider-4465 slide-4470 msDefaultImage\" title=\"any period of balance\" \/><div class=\"caption-wrap\"><div class=\"caption\"><p>Displaying the balance for any chosen period of time.<\/p><\/div><\/div><\/li>\n                <li style=\"display: none; width: 100%;\" class=\"slide-4475 ms-image\" aria-roledescription=\"slide\" data-date=\"2025-09-02 15:48:58\"><img loading=\"lazy\" decoding=\"async\" src=\"https:\/\/natalia-kaczynska.profesjonalnyprogramista.pl\/wp-content\/uploads\/2025\/09\/zmiana-hasla-300x295-1.jpg\" height=\"400\" width=\"400\" alt=\"zmiana hasla 300x295 1\" class=\"slider-4465 slide-4475 msDefaultImage\" title=\"change password 300x295 1\" \/><div class=\"caption-wrap\"><div class=\"caption\"><p>Finally, change the password.<\/p><\/div><\/div><\/li>\n            <\/ul>\n        <\/div>\n        \n    <\/div>\n<\/div><\/div>\n\t\t\t\t\t\t<\/div>\n\t\t\t\t<\/div>\n\t\t\t\t\t<\/div>\n\t\t\t\t<\/div>\n\t\t\t\t<\/div>\n\t\t\n    <div class=\"xs_social_share_widget xs_share_url after_content \t\tmain_content  wslu-style-1 wslu-share-box-shaped wslu-fill-colored wslu-none wslu-share-horizontal wslu-theme-font-no wslu-main_content\">\n\n\t\t\n        <ul>\n\t\t\t        <\/ul>\n    <\/div>","protected":false},"excerpt":{"rendered":"<p>natalia.kaczynska.programista@gmail.com Aplikacja bud\u017cetowa w C++ Link do projektu na github: https:\/\/github.com\/NatKacz99\/BUDGET-APP. Poni\u017cej przedstawiam zdj\u0119cia przedstawiaj\u0105ce najwa\u017cniejsze funkcje aplikacji.<\/p>","protected":false},"author":1,"featured_media":0,"parent":0,"menu_order":0,"comment_status":"closed","ping_status":"closed","template":"","meta":{"postBodyCss":"","postBodyMargin":[],"postBodyPadding":[],"postBodyBackground":{"backgroundType":"classic","gradient":""},"site-sidebar-layout":"no-sidebar","site-content-layout":"","ast-site-content-layout":"full-width-container","site-content-style":"default","site-sidebar-style":"default","ast-global-header-display":"","ast-banner-title-visibility":"","ast-main-header-display":"","ast-hfb-above-header-display":"","ast-hfb-below-header-display":"","ast-hfb-mobile-header-display":"","site-post-title":"disabled","ast-breadcrumbs-content":"","ast-featured-img":"disabled","footer-sml-layout":"","theme-transparent-header-meta":"","adv-header-id-meta":"","stick-header-meta":"","header-above-stick-meta":"","header-main-stick-meta":"","header-below-stick-meta":"","astra-migrate-meta-layouts":"default","ast-page-background-enabled":"default","ast-page-background-meta":{"desktop":{"background-color":"var(--ast-global-color-5)","background-image":"","background-repeat":"repeat","background-position":"center center","background-size":"auto","background-attachment":"scroll","background-type":"","background-media":"","overlay-type":"","overlay-color":"","overlay-opacity":"","overlay-gradient":""},"tablet":{"background-color":"","background-image":"","background-repeat":"repeat","background-position":"center center","background-size":"auto","background-attachment":"scroll","background-type":"","background-media":"","overlay-type":"","overlay-color":"","overlay-opacity":"","overlay-gradient":""},"mobile":{"background-color":"","background-image":"","background-repeat":"repeat","background-position":"center center","background-size":"auto","background-attachment":"scroll","background-type":"","background-media":"","overlay-type":"","overlay-color":"","overlay-opacity":"","overlay-gradient":""}},"ast-content-background-meta":{"desktop":{"background-color":"var(--ast-global-color-4)","background-image":"","background-repeat":"repeat","background-position":"center center","background-size":"auto","background-attachment":"scroll","background-type":"","background-media":"","overlay-type":"","overlay-color":"","overlay-opacity":"","overlay-gradient":""},"tablet":{"background-color":"var(--ast-global-color-4)","background-image":"","background-repeat":"repeat","background-position":"center center","background-size":"auto","background-attachment":"scroll","background-type":"","background-media":"","overlay-type":"","overlay-color":"","overlay-opacity":"","overlay-gradient":""},"mobile":{"background-color":"var(--ast-global-color-4)","background-image":"","background-repeat":"repeat","background-position":"center center","background-size":"auto","background-attachment":"scroll","background-type":"","background-media":"","overlay-type":"","overlay-color":"","overlay-opacity":"","overlay-gradient":""}},"footnotes":""},"class_list":["post-4437","page","type-page","status-publish","hentry"],"_links":{"self":[{"href":"https:\/\/natalia-kaczynska.profesjonalnyprogramista.pl\/en\/wp-json\/wp\/v2\/pages\/4437","targetHints":{"allow":["GET"]}}],"collection":[{"href":"https:\/\/natalia-kaczynska.profesjonalnyprogramista.pl\/en\/wp-json\/wp\/v2\/pages"}],"about":[{"href":"https:\/\/natalia-kaczynska.profesjonalnyprogramista.pl\/en\/wp-json\/wp\/v2\/types\/page"}],"author":[{"embeddable":true,"href":"https:\/\/natalia-kaczynska.profesjonalnyprogramista.pl\/en\/wp-json\/wp\/v2\/users\/1"}],"replies":[{"embeddable":true,"href":"https:\/\/natalia-kaczynska.profesjonalnyprogramista.pl\/en\/wp-json\/wp\/v2\/comments?post=4437"}],"version-history":[{"count":41,"href":"https:\/\/natalia-kaczynska.profesjonalnyprogramista.pl\/en\/wp-json\/wp\/v2\/pages\/4437\/revisions"}],"predecessor-version":[{"id":4940,"href":"https:\/\/natalia-kaczynska.profesjonalnyprogramista.pl\/en\/wp-json\/wp\/v2\/pages\/4437\/revisions\/4940"}],"wp:attachment":[{"href":"https:\/\/natalia-kaczynska.profesjonalnyprogramista.pl\/en\/wp-json\/wp\/v2\/media?parent=4437"}],"curies":[{"name":"wp","href":"https:\/\/api.w.org\/{rel}","templated":true}]}}