{"id":4232,"date":"2025-08-31T05:13:55","date_gmt":"2025-08-31T03:13:55","guid":{"rendered":"https:\/\/natalia-kaczynska.profesjonalnyprogramista.pl\/?page_id=4232"},"modified":"2026-04-09T12:46:22","modified_gmt":"2026-04-09T10:46:22","slug":"elementor-4232","status":"publish","type":"page","link":"https:\/\/natalia-kaczynska.profesjonalnyprogramista.pl\/en\/elementor-4232\/","title":{"rendered":"Single responsibility"},"content":{"rendered":"<div data-elementor-type=\"wp-page\" data-elementor-id=\"4232\" class=\"elementor elementor-4232\">\n\t\t\t\t<div class=\"elementor-element elementor-element-15558b5a e-con-full e-flex e-con e-parent\" data-id=\"15558b5a\" data-element_type=\"container\">\n\t\t<div class=\"elementor-element elementor-element-239bcc4b e-flex e-con-boxed e-con e-child\" data-id=\"239bcc4b\" data-element_type=\"container\" data-settings=\"{&quot;background_background&quot;:&quot;classic&quot;}\">\n\t\t\t\t\t<div class=\"e-con-inner\">\n\t\t\t\t<div class=\"elementor-element elementor-element-623422b1 elementor-icon-list--layout-inline elementor-mobile-align-center elementor-align-left elementor-list-item-link-full_width elementor-widget elementor-widget-icon-list\" data-id=\"623422b1\" data-element_type=\"widget\" data-widget_type=\"icon-list.default\">\n\t\t\t\t<div class=\"elementor-widget-container\">\n\t\t\t\t\t\t\t<ul class=\"elementor-icon-list-items elementor-inline-items\">\n\t\t\t\t\t\t\t<li class=\"elementor-icon-list-item elementor-inline-item\">\n\t\t\t\t\t\t\t\t\t\t\t<span class=\"elementor-icon-list-icon\">\n\t\t\t\t\t\t\t<i aria-hidden=\"true\" class=\"icon icon-envelope1\"><\/i>\t\t\t\t\t\t<\/span>\n\t\t\t\t\t\t\t\t\t\t<span class=\"elementor-icon-list-text\">natalia.kaczynska.programista@gmail.com<\/span>\n\t\t\t\t\t\t\t\t\t<\/li>\n\t\t\t\t\t\t<\/ul>\n\t\t\t\t\t\t<\/div>\n\t\t\t\t<\/div>\n\t\t\t\t<div class=\"elementor-element elementor-element-f4ca45f elementor-widget elementor-widget-shortcode\" data-id=\"f4ca45f\" data-element_type=\"widget\" data-widget_type=\"shortcode.default\">\n\t\t\t\t<div class=\"elementor-widget-container\">\n\t\t\t\t\t\t\t<div class=\"elementor-shortcode\"><div id=\"mega-menu-wrap-secondary_menu\" class=\"mega-menu-wrap\"><div class=\"mega-menu-toggle\"><div class=\"mega-toggle-blocks-left\"><\/div><div class=\"mega-toggle-blocks-center\"><\/div><div class=\"mega-toggle-blocks-right\"><div class='mega-toggle-block mega-menu-toggle-animated-block mega-toggle-block-0' id='mega-toggle-block-0'><button aria-label=\"Show\/hide menu\" class=\"mega-toggle-animated mega-toggle-animated-slider\" type=\"button\" aria-haspopup=\"true\" aria-expanded=\"false\" aria-controls=\"mega-menu-secondary_menu\">\n                  <span class=\"mega-toggle-animated-box\">\n                    <span class=\"mega-toggle-animated-inner\"><\/span>\n                  <\/span>\n                <\/button><\/div><\/div><\/div><ul id=\"mega-menu-secondary_menu\" class=\"mega-menu max-mega-menu mega-menu-horizontal mega-no-js\" data-event=\"hover\" data-effect=\"fade_up\" data-effect-speed=\"400\" data-effect-mobile=\"slide\" data-effect-speed-mobile=\"400\" data-mobile-force-width=\"false\" data-second-click=\"go\" data-document-click=\"collapse\" data-vertical-behaviour=\"standard\" data-breakpoint=\"768\" data-unbind=\"true\" data-mobile-state=\"collapse_all\" data-mobile-direction=\"vertical\" data-hover-intent-timeout=\"300\" data-hover-intent-interval=\"100\"><li class=\"mega-menu-item mega-menu-item-type-post_type mega-menu-item-object-page mega-align-bottom-left mega-menu-flyout mega-menu-item-4547\" id=\"mega-menu-item-4547\"><a class=\"mega-menu-link\" href=\"https:\/\/natalia-kaczynska.profesjonalnyprogramista.pl\/en\/porftolio-v2\/\">Portfolio<\/a><\/li><li class=\"mega-menu-item mega-menu-item-type-post_type mega-menu-item-object-page mega-menu-item-home mega-align-bottom-left mega-menu-flyout mega-menu-item-3974\" id=\"mega-menu-item-3974\"><a class=\"mega-menu-link\" href=\"https:\/\/natalia-kaczynska.profesjonalnyprogramista.pl\/en\/\">Homepage<\/a><\/li><li class=\"mega-menu-item mega-menu-item-type-post_type mega-menu-item-object-page mega-align-bottom-left mega-menu-flyout mega-menu-item-3975\" id=\"mega-menu-item-3975\"><a class=\"mega-menu-link\" href=\"https:\/\/natalia-kaczynska.profesjonalnyprogramista.pl\/en\/about\/\">About me<\/a><\/li><li class=\"mega-menu-item mega-menu-item-type-custom mega-menu-item-object-custom mega-menu-item-has-children mega-menu-megamenu mega-menu-grid mega-align-bottom-left mega-menu-grid mega-menu-item-4304\" id=\"mega-menu-item-4304\"><a class=\"mega-menu-link\" href=\"#\" aria-expanded=\"false\" aria-controls=\"mega-sub-menu-4304\">Articles<span class=\"mega-indicator\" aria-hidden=\"true\"><\/span><\/a>\n<ul class=\"mega-sub-menu\" role='presentation' id='mega-sub-menu-4304'>\n<li class=\"mega-menu-row\" id=\"mega-menu-4304-0\">\n\t<ul class=\"mega-sub-menu\" style='--columns:2' role='presentation'>\n<li class=\"mega-menu-column mega-menu-columns-3-of-2\" style=\"--columns:2; --span:3\" id=\"mega-menu-4304-0-0\">\n\t\t<ul class=\"mega-sub-menu\">\n<li class=\"mega-menu-item mega-menu-item-type-custom mega-menu-item-object-custom mega-menu-item-has-children mega-disable-link mega-menu-item-4306\" id=\"mega-menu-item-4306\"><a class=\"mega-menu-link\" tabindex=\"0\">Design patterns<span class=\"mega-indicator\" aria-hidden=\"true\"><\/span><\/a>\n\t\t\t<ul class=\"mega-sub-menu\" id='mega-sub-menu-4306'>\n<li class=\"mega-menu-item mega-menu-item-type-post_type mega-menu-item-object-page mega-menu-item-4314\" id=\"mega-menu-item-4314\"><a class=\"mega-menu-link\" href=\"https:\/\/natalia-kaczynska.profesjonalnyprogramista.pl\/en\/elementor-4099\/\">Strategy<\/a><\/li><li class=\"mega-menu-item mega-menu-item-type-post_type mega-menu-item-object-page mega-menu-item-4313\" id=\"mega-menu-item-4313\"><a class=\"mega-menu-link\" href=\"https:\/\/natalia-kaczynska.profesjonalnyprogramista.pl\/en\/budowniczy\/\">Builder<\/a><\/li><li class=\"mega-menu-item mega-menu-item-type-post_type mega-menu-item-object-page mega-menu-item-4312\" id=\"mega-menu-item-4312\"><a class=\"mega-menu-link\" href=\"https:\/\/natalia-kaczynska.profesjonalnyprogramista.pl\/en\/fabryka\/\">Factory<\/a><\/li>\t\t\t<\/ul>\n<\/li><li class=\"mega-menu-item mega-menu-item-type-custom mega-menu-item-object-custom mega-menu-item-has-children mega-disable-link mega-menu-item-4305\" id=\"mega-menu-item-4305\"><a class=\"mega-menu-link\" tabindex=\"0\">SOLID<span class=\"mega-indicator\" aria-hidden=\"true\"><\/span><\/a>\n\t\t\t<ul class=\"mega-sub-menu\" id='mega-sub-menu-4305'>\n<li class=\"mega-menu-item mega-menu-item-type-post_type mega-menu-item-object-page mega-menu-item-4311\" id=\"mega-menu-item-4311\"><a class=\"mega-menu-link\" href=\"https:\/\/natalia-kaczynska.profesjonalnyprogramista.pl\/en\/elementor-4232\/\">Single responsibility<\/a><\/li><li class=\"mega-menu-item mega-menu-item-type-post_type mega-menu-item-object-page mega-menu-item-4310\" id=\"mega-menu-item-4310\"><a class=\"mega-menu-link\" href=\"https:\/\/natalia-kaczynska.profesjonalnyprogramista.pl\/en\/elementor-4246\/\">Open-Closed Principle<\/a><\/li><li class=\"mega-menu-item mega-menu-item-type-post_type mega-menu-item-object-page mega-menu-item-4309\" id=\"mega-menu-item-4309\"><a class=\"mega-menu-link\" href=\"https:\/\/natalia-kaczynska.profesjonalnyprogramista.pl\/en\/liskov-substitution-principle\/\">Liskov Substitution Principle<\/a><\/li><li class=\"mega-menu-item mega-menu-item-type-post_type mega-menu-item-object-page mega-menu-item-4308\" id=\"mega-menu-item-4308\"><a class=\"mega-menu-link\" href=\"https:\/\/natalia-kaczynska.profesjonalnyprogramista.pl\/en\/elementor-4278\/\">Interface Segregation Principle<\/a><\/li><li class=\"mega-menu-item mega-menu-item-type-post_type mega-menu-item-object-page mega-menu-item-4307\" id=\"mega-menu-item-4307\"><a class=\"mega-menu-link\" href=\"https:\/\/natalia-kaczynska.profesjonalnyprogramista.pl\/en\/elementor-4292\/\">Dependency Inversion Principle<\/a><\/li>\t\t\t<\/ul>\n<\/li>\t\t<\/ul>\n<\/li>\t<\/ul>\n<\/li><\/ul>\n<\/li><li class=\"mega-menu-item mega-menu-item-type-post_type mega-menu-item-object-page mega-align-bottom-left mega-menu-flyout mega-menu-item-3976\" id=\"mega-menu-item-3976\"><a class=\"mega-menu-link\" href=\"https:\/\/natalia-kaczynska.profesjonalnyprogramista.pl\/en\/contact\/\">Contact<\/a><\/li><\/ul><\/div><\/div>\n\t\t\t\t\t\t<\/div>\n\t\t\t\t<\/div>\n\t\t\t\t\t<\/div>\n\t\t\t\t<\/div>\n\t\t\t\t<\/div>\n\t\t<div class=\"elementor-element elementor-element-d057535 e-flex e-con-boxed e-con e-parent\" data-id=\"d057535\" data-element_type=\"container\">\n\t\t\t\t\t<div class=\"e-con-inner\">\n\t\t\t\t<div class=\"elementor-element elementor-element-24e6152 elementor-widget elementor-widget-heading\" data-id=\"24e6152\" data-element_type=\"widget\" data-widget_type=\"heading.default\">\n\t\t\t\t<div class=\"elementor-widget-container\">\n\t\t\t\t\t<h1 class=\"elementor-heading-title elementor-size-default\">Single Responsibility (zasada pojedynczej odpowiedzialno\u015bci)<\/h1>\t\t\t\t<\/div>\n\t\t\t\t<\/div>\n\t\t\t\t<div class=\"elementor-element elementor-element-1edee7a elementor-widget-divider--view-line elementor-widget elementor-widget-divider\" data-id=\"1edee7a\" data-element_type=\"widget\" data-widget_type=\"divider.default\">\n\t\t\t\t<div class=\"elementor-widget-container\">\n\t\t\t\t\t\t\t<div class=\"elementor-divider\">\n\t\t\t<span class=\"elementor-divider-separator\">\n\t\t\t\t\t\t<\/span>\n\t\t<\/div>\n\t\t\t\t\t\t<\/div>\n\t\t\t\t<\/div>\n\t\t\t\t<div class=\"elementor-element elementor-element-a79cf6c elementor-widget elementor-widget-image\" data-id=\"a79cf6c\" data-element_type=\"widget\" data-widget_type=\"image.default\">\n\t\t\t\t<div class=\"elementor-widget-container\">\n\t\t\t\t\t\t\t\t\t\t\t\t\t\t\t<img fetchpriority=\"high\" decoding=\"async\" width=\"300\" height=\"198\" src=\"https:\/\/natalia-kaczynska.profesjonalnyprogramista.pl\/wp-content\/uploads\/2025\/08\/single-respobsibility-principle-e1756656894414-300x198.webp\" class=\"attachment-medium size-medium wp-image-4269\" alt=\"single respobsibility principle - 59 \/ 5 000 a man wonders which cutting tool to choose\" srcset=\"https:\/\/natalia-kaczynska.profesjonalnyprogramista.pl\/wp-content\/uploads\/2025\/08\/single-respobsibility-principle-e1756656894414-300x198.webp 300w, https:\/\/natalia-kaczynska.profesjonalnyprogramista.pl\/wp-content\/uploads\/2025\/08\/single-respobsibility-principle-e1756656894414.webp 575w\" sizes=\"(max-width: 300px) 100vw, 300px\" \/>\t\t\t\t\t\t\t\t\t\t\t\t\t\t\t<\/div>\n\t\t\t\t<\/div>\n\t\t\t\t<div class=\"elementor-element elementor-element-106dcc5 elementor-widget elementor-widget-text-editor\" data-id=\"106dcc5\" data-element_type=\"widget\" data-widget_type=\"text-editor.default\">\n\t\t\t\t<div class=\"elementor-widget-container\">\n\t\t\t\t\t\t\t\t\t<p>Za\u0142\u00f3\u017cmy, \u017ce chcemy stworzy\u0107 program, kt\u00f3ry b\u0119dzie odpowiada\u0142 za manipulacj\u0119 tekstem.<\/p><p>Poni\u017cej przedstawiam przyk\u0142ad pokazuj\u0105cy jak z\u0142amana zostaje zasada pojedynczej odpowiedzialno\u015bci:<\/p>\t\t\t\t\t\t\t\t<\/div>\n\t\t\t\t<\/div>\n\t\t\t\t<div class=\"elementor-element elementor-element-332ee4f elementor-widget elementor-widget-wp-widget-custom_html\" data-id=\"332ee4f\" data-element_type=\"widget\" data-widget_type=\"wp-widget-custom_html.default\">\n\t\t\t\t<div class=\"elementor-widget-container\">\n\t\t\t\t\t<div class=\"textwidget custom-html-widget\"><pre class=\"brush: java; title: ; notranslate\" title=\"\">\r\npublic class TextManipulator {\r\n    private String text;\r\n\r\n    public TextManipulator(String text) {\r\n        this.text = text;\r\n    }\r\n\r\n    public String appendText(String newText){\r\n        text = text.concat(newText);\r\n        return text;\r\n    }\r\n\r\n    public String findWordAndDelete(String word) {\r\n        if (text.contains(word)) {\r\n            text = text.replace(word, &quot;&quot;);\r\n        }\r\n        return text;\r\n    }\r\n\r\n    public void printText() {\r\n        System.out.println(text);\r\n    }\r\n\r\n    public void printWords() {\r\n        String&#x5B;] words = text.split(&quot; &quot;);\r\n        for (String word : words) {\r\n            System.out.println(word);\r\n        }\r\n    }\r\n}\r\n\r\n<\/pre><\/div>\t\t\t\t<\/div>\n\t\t\t\t<\/div>\n\t\t\t\t\t<\/div>\n\t\t\t\t<\/div>\n\t\t<div class=\"elementor-element elementor-element-7ae11e9 e-flex e-con-boxed e-con e-parent\" data-id=\"7ae11e9\" data-element_type=\"container\">\n\t\t\t\t\t<div class=\"e-con-inner\">\n\t\t\t\t<div class=\"elementor-element elementor-element-5caeed7 elementor-widget elementor-widget-text-editor\" data-id=\"5caeed7\" data-element_type=\"widget\" data-widget_type=\"text-editor.default\">\n\t\t\t\t<div class=\"elementor-widget-container\">\n\t\t\t\t\t\t\t\t\t<p>Widzimy , \u017ce w powy\u017cszym kodzie klasa odpowiada zar\u00f3wno za manipulacj\u0119 tekstem, jak i wy\u015bwietlanie ca\u0142ego tekstu i poszczeg\u00f3lnych s\u0142\u00f3w. Dlatego zasada pojedynczej odpowiedzialno\u015bci zosta\u0142a z\u0142amana.<\/p><p>Teraz prezentuj\u0119 jak poprawnie powinien wygl\u0105da\u0107 ten przyk\u0142ad. Tak wi\u0119cnale\u017cy utworzy\u0107 dwie oddzielne klasy &#8211; jedna b\u0119dzie odpowiedialna wy\u0142acznie za manipulacj\u0119 tekstem, a druga za jego wy\u015bwietlanie:<\/p>\t\t\t\t\t\t\t\t<\/div>\n\t\t\t\t<\/div>\n\t\t\t\t<div class=\"elementor-element elementor-element-fbf8ce0 elementor-widget elementor-widget-wp-widget-custom_html\" data-id=\"fbf8ce0\" data-element_type=\"widget\" data-widget_type=\"wp-widget-custom_html.default\">\n\t\t\t\t<div class=\"elementor-widget-container\">\n\t\t\t\t\t<div class=\"textwidget custom-html-widget\"><pre class=\"brush: java; title: ; notranslate\" title=\"\">\r\npublic class TextManipulator {\r\n    private String text;\r\n\r\n    public String getText() {\r\n        return text;\r\n    }\r\n\r\n    public TextManipulator(String text) {\r\n        this.text = text;\r\n    }\r\n\r\n    public String appendText(String newText){\r\n        text = text.concat(newText);\r\n        return text;\r\n    }\r\n\r\n    public String findWordAndDelete(String word) {\r\n        if (text.contains(word)) {\r\n            text = text.replace(word, &quot;&quot;);\r\n        }\r\n        return text;\r\n    }\r\n}\r\n\r\n<\/pre><\/div>\t\t\t\t<\/div>\n\t\t\t\t<\/div>\n\t\t\t\t\t<\/div>\n\t\t\t\t<\/div>\n\t\t<div class=\"elementor-element elementor-element-9a5fe12 e-flex e-con-boxed e-con e-parent\" data-id=\"9a5fe12\" data-element_type=\"container\">\n\t\t\t\t\t<div class=\"e-con-inner\">\n\t\t\t\t<div class=\"elementor-element elementor-element-2be2ae9 elementor-widget elementor-widget-wp-widget-custom_html\" data-id=\"2be2ae9\" data-element_type=\"widget\" data-widget_type=\"wp-widget-custom_html.default\">\n\t\t\t\t<div class=\"elementor-widget-container\">\n\t\t\t\t\t<div class=\"textwidget custom-html-widget\"><pre class=\"brush: java; title: ; notranslate\" title=\"\">\r\npublic class TextPrinter {\r\n    private TextManipulator textManipulator;\r\n\r\n    public TextPrinter(TextManipulator textManipulator) {\r\n        this.textManipulator = textManipulator;\r\n    }\r\n\r\n    public void printText() {\r\n        System.out.println(textManipulator.getText());\r\n    }\r\n\r\n    public void printWords() {\r\n        String&#x5B;] words = textManipulator.getText().split(&quot; &quot;);\r\n        for (String word : words) {\r\n            System.out.println(word);\r\n        }\r\n    }\r\n}\r\n\r\n<\/pre><\/div>\t\t\t\t<\/div>\n\t\t\t\t<\/div>\n\t\t\t\t\t<\/div>\n\t\t\t\t<\/div>\n\t\t\t\t<\/div>\n\t\t\n    <div class=\"xs_social_share_widget xs_share_url after_content \t\tmain_content  wslu-style-1 wslu-share-box-shaped wslu-fill-colored wslu-none wslu-share-horizontal wslu-theme-font-no wslu-main_content\">\n\n\t\t\n        <ul>\n\t\t\t        <\/ul>\n    <\/div>","protected":false},"excerpt":{"rendered":"<p>natalia.kaczynska.programista@gmail.com Single Responsibility (zasada pojedynczej odpowiedzialno\u015bci) Za\u0142\u00f3\u017cmy, \u017ce chcemy stworzy\u0107 program, kt\u00f3ry b\u0119dzie odpowiada\u0142 za manipulacj\u0119 tekstem. Poni\u017cej przedstawiam przyk\u0142ad [&hellip;]<\/p>\n","protected":false},"author":1,"featured_media":0,"parent":0,"menu_order":0,"comment_status":"closed","ping_status":"closed","template":"","meta":{"postBodyCss":"","postBodyMargin":[],"postBodyPadding":[],"postBodyBackground":{"backgroundType":"classic","gradient":""},"site-sidebar-layout":"no-sidebar","site-content-layout":"","ast-site-content-layout":"full-width-container","site-content-style":"default","site-sidebar-style":"default","ast-global-header-display":"","ast-banner-title-visibility":"","ast-main-header-display":"","ast-hfb-above-header-display":"","ast-hfb-below-header-display":"","ast-hfb-mobile-header-display":"","site-post-title":"disabled","ast-breadcrumbs-content":"","ast-featured-img":"disabled","footer-sml-layout":"","theme-transparent-header-meta":"","adv-header-id-meta":"","stick-header-meta":"","header-above-stick-meta":"","header-main-stick-meta":"","header-below-stick-meta":"","astra-migrate-meta-layouts":"default","ast-page-background-enabled":"default","ast-page-background-meta":{"desktop":{"background-color":"var(--ast-global-color-5)","background-image":"","background-repeat":"repeat","background-position":"center center","background-size":"auto","background-attachment":"scroll","background-type":"","background-media":"","overlay-type":"","overlay-color":"","overlay-opacity":"","overlay-gradient":""},"tablet":{"background-color":"","background-image":"","background-repeat":"repeat","background-position":"center center","background-size":"auto","background-attachment":"scroll","background-type":"","background-media":"","overlay-type":"","overlay-color":"","overlay-opacity":"","overlay-gradient":""},"mobile":{"background-color":"","background-image":"","background-repeat":"repeat","background-position":"center center","background-size":"auto","background-attachment":"scroll","background-type":"","background-media":"","overlay-type":"","overlay-color":"","overlay-opacity":"","overlay-gradient":""}},"ast-content-background-meta":{"desktop":{"background-color":"var(--ast-global-color-4)","background-image":"","background-repeat":"repeat","background-position":"center center","background-size":"auto","background-attachment":"scroll","background-type":"","background-media":"","overlay-type":"","overlay-color":"","overlay-opacity":"","overlay-gradient":""},"tablet":{"background-color":"var(--ast-global-color-4)","background-image":"","background-repeat":"repeat","background-position":"center center","background-size":"auto","background-attachment":"scroll","background-type":"","background-media":"","overlay-type":"","overlay-color":"","overlay-opacity":"","overlay-gradient":""},"mobile":{"background-color":"var(--ast-global-color-4)","background-image":"","background-repeat":"repeat","background-position":"center center","background-size":"auto","background-attachment":"scroll","background-type":"","background-media":"","overlay-type":"","overlay-color":"","overlay-opacity":"","overlay-gradient":""}},"footnotes":""},"class_list":["post-4232","page","type-page","status-publish","hentry"],"_links":{"self":[{"href":"https:\/\/natalia-kaczynska.profesjonalnyprogramista.pl\/en\/wp-json\/wp\/v2\/pages\/4232","targetHints":{"allow":["GET"]}}],"collection":[{"href":"https:\/\/natalia-kaczynska.profesjonalnyprogramista.pl\/en\/wp-json\/wp\/v2\/pages"}],"about":[{"href":"https:\/\/natalia-kaczynska.profesjonalnyprogramista.pl\/en\/wp-json\/wp\/v2\/types\/page"}],"author":[{"embeddable":true,"href":"https:\/\/natalia-kaczynska.profesjonalnyprogramista.pl\/en\/wp-json\/wp\/v2\/users\/1"}],"replies":[{"embeddable":true,"href":"https:\/\/natalia-kaczynska.profesjonalnyprogramista.pl\/en\/wp-json\/wp\/v2\/comments?post=4232"}],"version-history":[{"count":19,"href":"https:\/\/natalia-kaczynska.profesjonalnyprogramista.pl\/en\/wp-json\/wp\/v2\/pages\/4232\/revisions"}],"predecessor-version":[{"id":4866,"href":"https:\/\/natalia-kaczynska.profesjonalnyprogramista.pl\/en\/wp-json\/wp\/v2\/pages\/4232\/revisions\/4866"}],"wp:attachment":[{"href":"https:\/\/natalia-kaczynska.profesjonalnyprogramista.pl\/en\/wp-json\/wp\/v2\/media?parent=4232"}],"curies":[{"name":"wp","href":"https:\/\/api.w.org\/{rel}","templated":true}]}}